{"id":25,"date":"2025-10-21T08:21:57","date_gmt":"2025-10-21T08:21:57","guid":{"rendered":"https:\/\/affittasardegna.it\/?page_id=25"},"modified":"2026-02-19T10:01:41","modified_gmt":"2026-02-19T09:01:41","slug":"contactos","status":"publish","type":"page","link":"https:\/\/affittasardegna.it\/es\/contatti\/","title":{"rendered":"Contacto"},"content":{"rendered":"<div data-elementor-type=\"wp-page\" data-elementor-id=\"25\" class=\"elementor elementor-25\" data-elementor-post-type=\"page\">\n\t\t\t\t<div class=\"elementor-element elementor-element-82dcf43 e-flex e-con-boxed e-con e-parent\" data-id=\"82dcf43\" data-element_type=\"container\" data-e-type=\"container\" data-settings=\"{&quot;jet_parallax_layout_list&quot;:[],&quot;background_background&quot;:&quot;classic&quot;}\">\n\t\t\t\t\t<div class=\"e-con-inner\">\n\t\t<div class=\"elementor-element elementor-element-cdf1b4b e-con-full e-flex e-con e-child\" data-id=\"cdf1b4b\" data-element_type=\"container\" data-e-type=\"container\" data-settings=\"{&quot;jet_parallax_layout_list&quot;:[]}\">\n\t\t\t\t<div class=\"elementor-element elementor-element-a7eff9f elementor-widget__width-inherit elementor-widget elementor-widget-text-editor\" data-id=\"a7eff9f\" data-element_type=\"widget\" data-e-type=\"widget\" data-widget_type=\"text-editor.default\">\n\t\t\t\t\t\t\t\t\t<p>Te ayudamos a elegir la casa adecuada y a vivir Cerde\u00f1a sin estr\u00e9s. Escr\u00edbenos por WhatsApp o rellena el formulario: respondemos r\u00e1pido.<\/p>\t\t\t\t\t\t\t\t<\/div>\n\t\t\t\t<\/div>\n\t\t\t\t\t<\/div>\n\t\t\t\t<\/div>\n\t\t<div class=\"elementor-element elementor-element-177f2c2 e-flex e-con-boxed e-con e-parent\" data-id=\"177f2c2\" data-element_type=\"container\" data-e-type=\"container\" data-settings=\"{&quot;jet_parallax_layout_list&quot;:[]}\">\n\t\t\t\t\t<div class=\"e-con-inner\">\n\t\t<div class=\"elementor-element elementor-element-5487516 e-flex e-con-boxed e-con e-child\" data-id=\"5487516\" data-element_type=\"container\" data-e-type=\"container\" data-settings=\"{&quot;jet_parallax_layout_list&quot;:[]}\">\n\t\t\t\t\t<div class=\"e-con-inner\">\n\t\t\t\t<div class=\"elementor-element elementor-element-4537b15 elementor-widget__width-inherit elementor-widget elementor-widget-heading\" data-id=\"4537b15\" data-element_type=\"widget\" data-e-type=\"widget\" data-widget_type=\"heading.default\">\n\t\t\t\t\t<h2 class=\"elementor-heading-title elementor-size-default\">Mant\u00e9ngase en contacto con nosotros<\/h2>\t\t\t\t<\/div>\n\t\t\t\t<div class=\"elementor-element elementor-element-ef58455 elementor-widget__width-inherit elementor-widget elementor-widget-jet-form-builder-form\" data-id=\"ef58455\" data-element_type=\"widget\" data-e-type=\"widget\" data-widget_type=\"jet-form-builder-form.default\">\n\t\t\t\t<div class=\"elementor-widget-container\">\n\t\t\t\t\t<link rel='stylesheet' id='wp-block-library-css' href='https:\/\/affittasardegna.it\/wp-includes\/css\/dist\/block-library\/style.min.css?ver=6.9.4' media='all' \/>\n<style id=\"jet-form-builder-810-inline-css\"><\/style><form  class=\"jet-form-builder layout-column submit-type-reload\" action=\"https:\/\/affittasardegna.it\/es\/wp-json\/wp\/v2\/pages\/25\/?SFe7kb=jvtqGml8pT&#038;method=reload\" method=\"POST\" data-form-id=\"810\" data-layout=\"column\" enctype=\"multipart\/form-data\" novalidate=\"null\" ssr_validation_method=\"rest\" data-trp-original-action=\"https:\/\/affittasardegna.it\/es\/wp-json\/wp\/v2\/pages\/25\/?SFe7kb=jvtqGml8pT&amp;method=reload\"><input type=\"hidden\" id=\"_wpnonce\" name=\"_wpnonce\" value=\"4fb333662d\" \/><input type=\"hidden\" name=\"_wp_http_referer\" value=\"\/es\/wp-json\/wp\/v2\/pages\/25\" \/>\r\n<input type=\"hidden\" name=\"_jfb_current_render_states[]\" value=\"DEFAULT.STATE\" data-jfb-sync \/><input type=\"hidden\" class=\"jet-form-builder__field hidden-field\" name=\"_jet_engine_booking_form_id\" data-field-name=\"_jet_engine_booking_form_id\" value=\"810\">\n<input type=\"hidden\" class=\"jet-form-builder__field hidden-field\" name=\"_jet_engine_refer\" data-field-name=\"_jet_engine_refer\" value=\"https:\/\/affittasardegna.it\/es\/wp-json\/wp\/v2\/pages\/25\/\">\n<input type=\"hidden\" class=\"jet-form-builder__field hidden-field\" name=\"__queried_post_id\" data-field-name=\"__queried_post_id\" value=\"25\">\n\n<div class=\"wp-block-columns is-layout-flex wp-container-core-columns-is-layout-28f84493 wp-block-columns-is-layout-flex\">\n<div class=\"wp-block-column is-layout-flow wp-block-column-is-layout-flow\"><div  class=\"jet-form-builder-row field-type-text-field\" >\n<div class=\"jet-form-builder__label\">\r\n<div class=\"jet-form-builder__label-text\">Nombre y apellidos<\/div><\/div><div class=\"jet-form-builder__field-wrap\">\n\t\t\t\t<input name=\"name\" id=\"name\" type=\"text\" data-field-name=\"name\" class=\"jet-form-builder__field text-field\" data-jfb-sync=\"null\" autocomplete=\"off_MsxN5RZg\">\n\t\t\t\t\t<\/div>\n<\/div><\/div>\n\n\n\n<div class=\"wp-block-column is-layout-flow wp-block-column-is-layout-flow\"><div  class=\"jet-form-builder-row field-type-text-field\" >\n<div class=\"jet-form-builder__label\">\r\n<div class=\"jet-form-builder__label-text\">Tel\u00e9fono<\/div><\/div><div class=\"jet-form-builder__field-wrap\">\n\t\t\t\t<input name=\"phone\" id=\"phone\" type=\"tel\" data-field-name=\"phone\" class=\"jet-form-builder__field text-field\" data-jfb-sync=\"null\" autocomplete=\"off_BPNiz52m\">\n\t\t\t\t\t<\/div>\n<\/div><\/div>\n\n\n\n<div class=\"wp-block-column is-layout-flow wp-block-column-is-layout-flow\"><div  class=\"jet-form-builder-row field-type-text-field\" >\n<div class=\"jet-form-builder__label\">\r\n<div class=\"jet-form-builder__label-text\">Correo electr\u00f3nico<\/div><\/div><div class=\"jet-form-builder__field-wrap\">\n\t\t\t\t<input name=\"email\" id=\"email\" type=\"email\" data-field-name=\"email\" class=\"jet-form-builder__field text-field\" data-jfb-sync=\"null\" autocomplete=\"off_pRCFBknN\">\n\t\t\t\t\t<\/div>\n<\/div><\/div>\n<\/div>\n\n\n\n<div class=\"wp-block-columns is-layout-flex wp-container-core-columns-is-layout-28f84493 wp-block-columns-is-layout-flex\">\n<div class=\"wp-block-column is-layout-flow wp-block-column-is-layout-flow\"><div  class=\"jet-form-builder-row field-type-text-field\" >\n<div class=\"jet-form-builder__label\">\r\n<div class=\"jet-form-builder__label-text\">Objeto<\/div><\/div><div class=\"jet-form-builder__field-wrap\">\n\t\t\t\t<input name=\"subject\" id=\"subject\" type=\"text\" data-field-name=\"subject\" class=\"jet-form-builder__field text-field\" data-jfb-sync=\"null\" autocomplete=\"off_UyFhxfiA\">\n\t\t\t\t\t<\/div>\n<\/div><\/div>\n<\/div>\n\n\n<div  class=\"jet-form-builder-row field-type-textarea-field\" >\n<div class=\"jet-form-builder__label\">\r\n<div class=\"jet-form-builder__label-text\">Mensaje:<\/div><\/div><div class=\"jet-form-builder__field-wrap\">\n\t\t<textarea class=\"jet-form-builder__field textarea-field\" name=\"message\" data-field-name=\"message\" id=\"message\" data-jfb-sync=\"null\"><\/textarea>\n\t<\/div>\n<\/div>\n\n<div  class=\"jet-form-builder-row field-type-submit-field\" >\n\t<div data-type=\"submit\" class=\"jet-form-builder__action-button-wrapper jet-form-builder__submit-wrap\">\n\t<button class=\"jet-form-builder__action-button jet-form-builder__submit submit-type-reload\" type=\"submit\">Enviar<\/button>\n\t<\/div>\n\t\n<\/div>\n\n\n<p><\/p>\n\t<div class=\"jet-form-builder-messages-wrap\" data-form-id=\"810\"><\/div>\n<input type=\"hidden\" name=\"trp-form-language\" value=\"es\"\/><\/form>\n\t\t\t\t<\/div>\n\t\t\t\t<\/div>\n\t\t\t\t<div class=\"elementor-element elementor-element-13f9615 elementor-position-inline-start elementor-widget__width-initial elementor-widget-tablet__width-inherit elementor-tablet-position-inline-start elementor-mobile-position-inline-start elementor-view-default elementor-widget elementor-widget-icon-box\" data-id=\"13f9615\" data-element_type=\"widget\" data-e-type=\"widget\" data-widget_type=\"icon-box.default\">\n\t\t\t\t\t\t\t<div class=\"elementor-icon-box-wrapper\">\n\n\t\t\t\t\t\t<div class=\"elementor-icon-box-icon\">\n\t\t\t\t<span  class=\"elementor-icon\">\n\t\t\t\t<svg xmlns=\"http:\/\/www.w3.org\/2000\/svg\" width=\"800px\" height=\"800px\" viewbox=\"0 0 24 24\" fill=\"none\"><g id=\"SVGRepo_bgCarrier\" stroke-width=\"0\"><\/g><g id=\"SVGRepo_tracerCarrier\" stroke-linecap=\"round\" stroke-linejoin=\"round\"><\/g><g id=\"SVGRepo_iconCarrier\"><path d=\"M21.8891 7.17165C22 8.43316 22 10.0056 22 12C22 16.1337 22 18.4549 21.0126 19.9513L15.0611 13.9998L21.8891 7.17165Z\" fill=\"currentColor\"><\/path><path d=\"M19.952 21.0121L14.0004 15.0605L7.17167 21.8891C8.43317 22 10.0056 22 12 22C16.1343 22 18.4557 22 19.952 21.0121Z\" fill=\"currentColor\"><\/path><path fill-rule=\"evenodd\" clip-rule=\"evenodd\" d=\"M12 2C16.714 2 19.0711 2 20.5355 3.46447C21.0394 3.96833 21.3699 4.57786 21.5867 5.3527L5.3527 21.5867C4.57786 21.3699 3.96833 21.0394 3.46447 20.5355C2 19.0711 2 16.714 2 12C2 7.28595 2 4.92893 3.46447 3.46447C4.92893 2 7.28595 2 12 2ZM5.5 8.75732C5.5 10.5422 6.61708 12.625 8.35997 13.3698C8.76626 13.5434 9.23374 13.5434 9.64003 13.3698C11.3829 12.625 12.5 10.5422 12.5 8.75732C12.5 6.95835 10.933 5.5 9 5.5C7.067 5.5 5.5 6.95835 5.5 8.75732Z\" fill=\"currentColor\"><\/path><path d=\"M10.5 9C10.5 9.82843 9.82843 10.5 9 10.5C8.17157 10.5 7.5 9.82843 7.5 9C7.5 8.17157 8.17157 7.5 9 7.5C9.82843 7.5 10.5 8.17157 10.5 9Z\" fill=\"currentColor\"><\/path><\/g><\/svg>\t\t\t\t<\/span>\n\t\t\t<\/div>\n\t\t\t\n\t\t\t\t\t\t<div class=\"elementor-icon-box-content\">\n\n\t\t\t\t\t\t\t\t\t<h3 class=\"elementor-icon-box-title\">\n\t\t\t\t\t\t<span  >\n\t\t\t\t\t\t\tOficina principal\t\t\t\t\t\t<\/span>\n\t\t\t\t\t<\/h3>\n\t\t\t\t\n\t\t\t\t\t\t\t\t\t<p class=\"elementor-icon-box-description\">\n\t\t\t\t\t\tVia Sassari, 19, 07046 Porto Torres SS, Italia\t\t\t\t\t<\/p>\n\t\t\t\t\n\t\t\t<\/div>\n\t\t\t\n\t\t<\/div>\n\t\t\t\t\t\t<\/div>\n\t\t\t\t<div class=\"elementor-element elementor-element-cac7106 elementor-position-inline-start elementor-widget__width-initial elementor-widget-tablet__width-inherit elementor-tablet-position-inline-start elementor-mobile-position-inline-start elementor-view-default elementor-widget elementor-widget-icon-box\" data-id=\"cac7106\" data-element_type=\"widget\" data-e-type=\"widget\" data-widget_type=\"icon-box.default\">\n\t\t\t\t\t\t\t<div class=\"elementor-icon-box-wrapper\">\n\n\t\t\t\t\t\t<div class=\"elementor-icon-box-icon\">\n\t\t\t\t<span  class=\"elementor-icon\">\n\t\t\t\t<svg xmlns=\"http:\/\/www.w3.org\/2000\/svg\" width=\"800px\" height=\"800px\" viewbox=\"0 0 24 24\" fill=\"none\"><g id=\"SVGRepo_bgCarrier\" stroke-width=\"0\"><\/g><g id=\"SVGRepo_tracerCarrier\" stroke-linecap=\"round\" stroke-linejoin=\"round\"><\/g><g id=\"SVGRepo_iconCarrier\"><path d=\"M14.5562 15.5477L14.1007 16.0272C14.1007 16.0272 13.0181 17.167 10.0631 14.0559C7.10812 10.9448 8.1907 9.80507 8.1907 9.80507L8.47752 9.50311C9.18407 8.75924 9.25068 7.56497 8.63424 6.6931L7.37326 4.90961C6.61028 3.8305 5.13596 3.68795 4.26145 4.60864L2.69185 6.26114C2.25823 6.71766 1.96765 7.30945 2.00289 7.96594C2.09304 9.64546 2.81071 13.259 6.81536 17.4752C11.0621 21.9462 15.0468 22.1239 16.6763 21.9631C17.1917 21.9122 17.6399 21.6343 18.0011 21.254L19.4217 19.7584C20.3806 18.7489 20.1102 17.0182 18.8833 16.312L16.9728 15.2123C16.1672 14.7486 15.1858 14.8848 14.5562 15.5477Z\" fill=\"currentColor\"><\/path><path d=\"M17 12C19.7614 12 22 9.76142 22 7C22 4.23858 19.7614 2 17 2C14.2386 2 12 4.23858 12 7C12 7.79984 12.1878 8.55582 12.5217 9.22624C12.6105 9.4044 12.64 9.60803 12.5886 9.80031L12.2908 10.9133C12.1615 11.3965 12.6035 11.8385 13.0867 11.7092L14.1997 11.4114C14.392 11.36 14.5956 11.3895 14.7738 11.4783C15.4442 11.8122 16.2002 12 17 12Z\" fill=\"currentColor\"><\/path><\/g><\/svg>\t\t\t\t<\/span>\n\t\t\t<\/div>\n\t\t\t\n\t\t\t\t\t\t<div class=\"elementor-icon-box-content\">\n\n\t\t\t\t\t\t\t\t\t<h3 class=\"elementor-icon-box-title\">\n\t\t\t\t\t\t<span  >\n\t\t\t\t\t\t\tN\u00famero de tel\u00e9fono\t\t\t\t\t\t<\/span>\n\t\t\t\t\t<\/h3>\n\t\t\t\t\n\t\t\t\t\t\t\t\t\t<p class=\"elementor-icon-box-description\">\n\t\t\t\t\t\t+39 079 4125245<br>\n+39 347 8056842\n\t\t\t\t\t<\/p>\n\t\t\t\t\n\t\t\t<\/div>\n\t\t\t\n\t\t<\/div>\n\t\t\t\t\t\t<\/div>\n\t\t\t\t<div class=\"elementor-element elementor-element-e4c2b71 elementor-position-inline-start elementor-widget__width-initial elementor-widget-tablet__width-inherit elementor-tablet-position-inline-start elementor-mobile-position-inline-start elementor-view-default elementor-widget elementor-widget-icon-box\" data-id=\"e4c2b71\" data-element_type=\"widget\" data-e-type=\"widget\" data-widget_type=\"icon-box.default\">\n\t\t\t\t\t\t\t<div class=\"elementor-icon-box-wrapper\">\n\n\t\t\t\t\t\t<div class=\"elementor-icon-box-icon\">\n\t\t\t\t<span  class=\"elementor-icon\">\n\t\t\t\t<svg aria-hidden=\"true\" class=\"e-font-icon-svg e-fab-whatsapp\" viewbox=\"0 0 448 512\" xmlns=\"http:\/\/www.w3.org\/2000\/svg\"><path d=\"M380.9 97.1C339 55.1 283.2 32 223.9 32c-122.4 0-222 99.6-222 222 0 39.1 10.2 77.3 29.6 111L0 480l117.7-30.9c32.4 17.7 68.9 27 106.1 27h.1c122.3 0 224.1-99.6 224.1-222 0-59.3-25.2-115-67.1-157zm-157 341.6c-33.2 0-65.7-8.9-94-25.7l-6.7-4-69.8 18.3L72 359.2l-4.4-7c-18.5-29.4-28.2-63.3-28.2-98.2 0-101.7 82.8-184.5 184.6-184.5 49.3 0 95.6 19.2 130.4 54.1 34.8 34.9 56.2 81.2 56.1 130.5 0 101.8-84.9 184.6-186.6 184.6zm101.2-138.2c-5.5-2.8-32.8-16.2-37.9-18-5.1-1.9-8.8-2.8-12.5 2.8-3.7 5.6-14.3 18-17.6 21.8-3.2 3.7-6.5 4.2-12 1.4-32.6-16.3-54-29.1-75.5-66-5.7-9.8 5.7-9.1 16.3-30.3 1.8-3.7.9-6.9-.5-9.7-1.4-2.8-12.5-30.1-17.1-41.2-4.5-10.8-9.1-9.3-12.5-9.5-3.2-.2-6.9-.2-10.6-.2-3.7 0-9.7 1.4-14.8 6.9-5.1 5.6-19.4 19-19.4 46.3 0 27.3 19.9 53.7 22.6 57.4 2.8 3.7 39.1 59.7 94.8 83.8 35.2 15.2 49 16.5 66.6 13.9 10.7-1.6 32.8-13.4 37.4-26.4 4.6-13 4.6-24.1 3.2-26.4-1.3-2.5-5-3.9-10.5-6.6z\"><\/path><\/svg>\t\t\t\t<\/span>\n\t\t\t<\/div>\n\t\t\t\n\t\t\t\t\t\t<div class=\"elementor-icon-box-content\">\n\n\t\t\t\t\t\t\t\t\t<h3 class=\"elementor-icon-box-title\">\n\t\t\t\t\t\t<span  >\n\t\t\t\t\t\t\tN\u00famero de Whatsapp\t\t\t\t\t\t<\/span>\n\t\t\t\t\t<\/h3>\n\t\t\t\t\n\t\t\t\t\t\t\t\t\t<p class=\"elementor-icon-box-description\">\n\t\t\t\t\t\t+39 349 4787272\t\t\t\t\t<\/p>\n\t\t\t\t\n\t\t\t<\/div>\n\t\t\t\n\t\t<\/div>\n\t\t\t\t\t\t<\/div>\n\t\t\t\t<div class=\"elementor-element elementor-element-736eb95 elementor-position-inline-start elementor-widget__width-initial elementor-widget-tablet__width-inherit elementor-tablet-position-inline-start elementor-mobile-position-inline-start elementor-view-default elementor-widget elementor-widget-icon-box\" data-id=\"736eb95\" data-element_type=\"widget\" data-e-type=\"widget\" data-widget_type=\"icon-box.default\">\n\t\t\t\t\t\t\t<div class=\"elementor-icon-box-wrapper\">\n\n\t\t\t\t\t\t<div class=\"elementor-icon-box-icon\">\n\t\t\t\t<span  class=\"elementor-icon\">\n\t\t\t\t<svg xmlns=\"http:\/\/www.w3.org\/2000\/svg\" width=\"800px\" height=\"800px\" viewbox=\"0 0 24 24\" fill=\"none\"><g id=\"SVGRepo_bgCarrier\" stroke-width=\"0\"><\/g><g id=\"SVGRepo_tracerCarrier\" stroke-linecap=\"round\" stroke-linejoin=\"round\"><\/g><g id=\"SVGRepo_iconCarrier\"><path d=\"M9.5 20V22C9.5 22.4142 9.83579 22.75 10.25 22.75C10.6642 22.75 11 22.4142 11 22V20H9.5Z\" fill=\"currentColor\"><\/path><path d=\"M15 20H13.5V22C13.5 22.4142 13.8358 22.75 14.25 22.75C14.6642 22.75 15 22.4142 15 22V20Z\" fill=\"currentColor\"><\/path><path fill-rule=\"evenodd\" clip-rule=\"evenodd\" d=\"M17.3846 6.58471L17.6407 6.53344C18.0564 6.45022 18.4863 6.48995 18.8814 6.64813C19.5717 6.92453 20.3266 6.97616 21.0458 6.79618L21.1073 6.7808C21.6309 6.64975 22 6.16299 22 5.60336V3.47284C22 2.73503 21.3358 2.19145 20.6454 2.36421C20.249 2.46342 19.8329 2.43496 19.4523 2.28261L19.3793 2.25335C18.7422 1.99828 18.0491 1.93421 17.3787 2.06841L16.93 2.15824C16.3901 2.26632 16 2.75722 16 3.32846V10.2807C16 10.678 16.31 11 16.6923 11C17.0747 11 17.3846 10.678 17.3846 10.2807V6.58471Z\" fill=\"currentColor\"><\/path><path d=\"M14.5 6V10.2807C14.5 11.4518 15.428 12.5 16.6923 12.5C17.9566 12.5 18.8846 11.4518 18.8846 10.2807V8.22795C19.6455 8.43335 20.4446 8.45735 21.22 8.29496C21.7122 9.13671 22 10.1541 22 11.25V17.4253C22 18.8473 21.0119 20 19.7931 20H12.5V11.25C12.5 9.22014 11.6679 7.27604 10.2826 6H14.5Z\" fill=\"currentColor\"><\/path><path fill-rule=\"evenodd\" clip-rule=\"evenodd\" d=\"M2 11.25C2 8.35051 4.01472 6 6.5 6C8.98528 6 11 8.35051 11 11.25V20H4.23256C2.99955 20 2 18.8339 2 17.3953V11.25ZM4.25 16C4.25 15.5858 4.58579 15.25 5 15.25H8C8.41421 15.25 8.75 15.5858 8.75 16C8.75 16.4142 8.41421 16.75 8 16.75H5C4.58579 16.75 4.25 16.4142 4.25 16Z\" fill=\"currentColor\"><\/path><\/g><\/svg>\t\t\t\t<\/span>\n\t\t\t<\/div>\n\t\t\t\n\t\t\t\t\t\t<div class=\"elementor-icon-box-content\">\n\n\t\t\t\t\t\t\t\t\t<h3 class=\"elementor-icon-box-title\">\n\t\t\t\t\t\t<span  >\n\t\t\t\t\t\t\tCorreo electr\u00f3nico\t\t\t\t\t\t<\/span>\n\t\t\t\t\t<\/h3>\n\t\t\t\t\n\t\t\t\t\t\t\t\t\t<p class=\"elementor-icon-box-description\">\n\t\t\t\t\t\t\ninfo@affittasardegna.it info@affittasardegna.it\naffittasardegna@pec.it\t\t\t\t\t<\/p>\n\t\t\t\t\n\t\t\t<\/div>\n\t\t\t\n\t\t<\/div>\n\t\t\t\t\t\t<\/div>\n\t\t\t\t\t<\/div>\n\t\t\t\t<\/div>\n\t\t<div class=\"elementor-element elementor-element-a752703 e-con-full e-flex e-con e-child\" data-id=\"a752703\" data-element_type=\"container\" data-e-type=\"container\" data-settings=\"{&quot;jet_parallax_layout_list&quot;:[]}\">\n\t\t<div class=\"elementor-element elementor-element-3a12c0b e-con-full e-flex e-con e-child\" data-id=\"3a12c0b\" data-element_type=\"container\" data-e-type=\"container\" data-settings=\"{&quot;jet_parallax_layout_list&quot;:[]}\">\n\t\t\t\t<div class=\"elementor-element elementor-element-08cc8e0 elementor-widget elementor-widget-html\" data-id=\"08cc8e0\" data-element_type=\"widget\" data-e-type=\"widget\" data-widget_type=\"html.default\">\n\t\t\t\t\t<iframe src=\"https:\/\/www.google.com\/maps\/embed?pb=!1m18!1m12!1m3!1d3018.668217704945!2d8.398945477293056!3d40.83525073005916!2m3!1f0!2f0!3f0!3m2!1i1024!2i768!4f13.1!3m3!1m2!1s0x12dc860ca603c38b%3A0x658915030789bc5e!2sAffittaSardegna!5e0!3m2!1sit!2sit!4v1771491505585!5m2!1sit!2sit\" width=\"400\" height=\"300\" style=\"border:0;\" allowfullscreen=\"\" loading=\"lazy\" referrerpolicy=\"no-referrer-when-downgrade\"><\/iframe>\t\t\t\t<\/div>\n\t\t\t\t<\/div>\n\t\t\t\t<\/div>\n\t\t\t\t\t<\/div>\n\t\t\t\t<\/div>\n\t\t\t\t<\/div>","protected":false},"excerpt":{"rendered":"<p>Ti aiutiamo a scegliere la casa giusta e a vivere la Sardegna senza stress. Scrivici su WhatsApp o compila il modulo: rispondiamo rapidamente. Rimanete in contatto con noi Nome e cognome Telefono Email Oggetto Messaggio: Invia Ufficio principale Via Sassari, 19, 07046 Porto Torres SS, Italy Numero di telefono +39 079 4125245 +39 347 8056842 [&hellip;]<\/p>\n","protected":false},"author":2,"featured_media":0,"parent":0,"menu_order":0,"comment_status":"closed","ping_status":"closed","template":"","meta":{"_seopress_robots_primary_cat":"","_seopress_titles_title":"","_seopress_titles_desc":"","_seopress_robots_index":"","footnotes":""},"class_list":["post-25","page","type-page","status-publish","hentry"],"_links":{"self":[{"href":"https:\/\/affittasardegna.it\/es\/wp-json\/wp\/v2\/pages\/25","targetHints":{"allow":["GET"]}}],"collection":[{"href":"https:\/\/affittasardegna.it\/es\/wp-json\/wp\/v2\/pages"}],"about":[{"href":"https:\/\/affittasardegna.it\/es\/wp-json\/wp\/v2\/types\/page"}],"author":[{"embeddable":true,"href":"https:\/\/affittasardegna.it\/es\/wp-json\/wp\/v2\/users\/2"}],"replies":[{"embeddable":true,"href":"https:\/\/affittasardegna.it\/es\/wp-json\/wp\/v2\/comments?post=25"}],"version-history":[{"count":0,"href":"https:\/\/affittasardegna.it\/es\/wp-json\/wp\/v2\/pages\/25\/revisions"}],"wp:attachment":[{"href":"https:\/\/affittasardegna.it\/es\/wp-json\/wp\/v2\/media?parent=25"}],"curies":[{"name":"wp","href":"https:\/\/api.w.org\/{rel}","templated":true}]}}