{"id":21,"date":"2025-10-21T08:21:31","date_gmt":"2025-10-21T08:21:31","guid":{"rendered":"https:\/\/affittasardegna.it\/?page_id=21"},"modified":"2026-03-03T09:58:13","modified_gmt":"2026-03-03T08:58:13","slug":"zarezerwuj-prom-na-sardynie","status":"publish","type":"page","link":"https:\/\/affittasardegna.it\/pl\/prenota-traghetto-per-la-sardegna\/","title":{"rendered":"Zarezerwuj prom na Sardyni\u0119"},"content":{"rendered":"<div data-elementor-type=\"wp-page\" data-elementor-id=\"21\" class=\"elementor elementor-21\" data-elementor-post-type=\"page\">\n\t\t\t\t<div class=\"elementor-element elementor-element-b770e32 e-flex e-con-boxed e-con e-parent\" data-id=\"b770e32\" data-element_type=\"container\" data-e-type=\"container\" data-settings=\"{&quot;jet_parallax_layout_list&quot;:[],&quot;background_background&quot;:&quot;classic&quot;}\">\n\t\t\t\t\t<div class=\"e-con-inner\">\n\t\t<div class=\"elementor-element elementor-element-a70fef7 e-con-full e-flex e-con e-child\" data-id=\"a70fef7\" data-element_type=\"container\" data-e-type=\"container\" data-settings=\"{&quot;jet_parallax_layout_list&quot;:[]}\">\n\t\t\t\t<div class=\"elementor-element elementor-element-d217601 elementor-widget__width-inherit elementor-widget elementor-widget-text-editor\" data-id=\"d217601\" data-element_type=\"widget\" data-e-type=\"widget\" data-widget_type=\"text-editor.default\">\n\t\t\t\t\t\t\t\t\t<p>Pierwszy krok w kierunku wakacji na Sardynii zaczyna si\u0119 od morza.<br \/>Por\u00f3wnaj trasy, kabiny i pojazdy, aby wybra\u0107 najlepsz\u0105 opcj\u0119 podr\u00f3\u017cy z dedykowanym KODEM RABATOWYM.<\/p>\t\t\t\t\t\t\t\t<\/div>\n\t\t\t\t<\/div>\n\t\t\t\t\t<\/div>\n\t\t\t\t<\/div>\n\t\t<div class=\"elementor-element elementor-element-cf8aa3d e-flex e-con-boxed e-con e-parent\" data-id=\"cf8aa3d\" data-element_type=\"container\" data-e-type=\"container\" data-settings=\"{&quot;jet_parallax_layout_list&quot;:[]}\">\n\t\t\t\t\t<div class=\"e-con-inner\">\n\t\t<div class=\"elementor-element elementor-element-8fedaa2 e-flex e-con-boxed e-con e-child\" data-id=\"8fedaa2\" data-element_type=\"container\" data-e-type=\"container\" data-settings=\"{&quot;jet_parallax_layout_list&quot;:[]}\">\n\t\t\t\t\t<div class=\"e-con-inner\">\n\t\t\t\t<div class=\"elementor-element elementor-element-ddb4c35 elementor-widget__width-inherit elementor-widget elementor-widget-html\" data-id=\"ddb4c35\" data-element_type=\"widget\" data-e-type=\"widget\" data-widget_type=\"html.default\">\n\t\t\t\t\t<iframe id=\"traghettiper\" style=\"padding-bottom: 30px;\"\r\nsrc=\"https:\/\/responsive.traghettiper.it\/?marea=S&portal=919&affiliate=TP1747&locale=it\"\r\nwidth=\"100%\" height=\"1000\" frameborder=\"0\" align=\"center\"><\/iframe><br \/>\r\n<script src=\"https:\/\/responsive.traghettiper.it\/js\/resizer.js\"><\/script>\t\t\t\t<\/div>\n\t\t\t\t\t<\/div>\n\t\t\t\t<\/div>\n\t\t\t\t\t<\/div>\n\t\t\t\t<\/div>\n\t\t\t\t<\/div>","protected":false},"excerpt":{"rendered":"<p>Il primo passo verso la tua vacanza in Sardegna inizia dal mare.Confronta tratte, cabine e veicoli per scegliere l\u2019opzione migliore per il tuo viaggio con un CODICE SCONTO a te dedicato<\/p>","protected":false},"author":2,"featured_media":0,"parent":0,"menu_order":0,"comment_status":"closed","ping_status":"closed","template":"","meta":{"_seopress_robots_primary_cat":"","_seopress_titles_title":"","_seopress_titles_desc":"","_seopress_robots_index":"","footnotes":""},"class_list":["post-21","page","type-page","status-publish","hentry"],"_links":{"self":[{"href":"https:\/\/affittasardegna.it\/pl\/wp-json\/wp\/v2\/pages\/21","targetHints":{"allow":["GET"]}}],"collection":[{"href":"https:\/\/affittasardegna.it\/pl\/wp-json\/wp\/v2\/pages"}],"about":[{"href":"https:\/\/affittasardegna.it\/pl\/wp-json\/wp\/v2\/types\/page"}],"author":[{"embeddable":true,"href":"https:\/\/affittasardegna.it\/pl\/wp-json\/wp\/v2\/users\/2"}],"replies":[{"embeddable":true,"href":"https:\/\/affittasardegna.it\/pl\/wp-json\/wp\/v2\/comments?post=21"}],"version-history":[{"count":0,"href":"https:\/\/affittasardegna.it\/pl\/wp-json\/wp\/v2\/pages\/21\/revisions"}],"wp:attachment":[{"href":"https:\/\/affittasardegna.it\/pl\/wp-json\/wp\/v2\/media?parent=21"}],"curies":[{"name":"wp","href":"https:\/\/api.w.org\/{rel}","templated":true}]}}